{"id":30,"date":"2022-11-21T19:33:16","date_gmt":"2022-11-21T19:33:16","guid":{"rendered":"https:\/\/thai-massage.hr\/?page_id=30"},"modified":"2023-10-11T09:26:52","modified_gmt":"2023-10-11T09:26:52","slug":"kontakt","status":"publish","type":"page","link":"https:\/\/thai-massage.hr\/en\/kontakt\/","title":{"rendered":"Contact"},"content":{"rendered":"<p>[et_pb_section fb_built=&#8221;1&#8243; fullwidth=&#8221;on&#8221; disabled_on=&#8221;off|off|off&#8221; admin_label=&#8221;Hero&#8221; _builder_version=&#8221;4.16&#8243; background_color=&#8221;#1f1f1f&#8221; parallax=&#8221;on&#8221; custom_padding=&#8221;|||&#8221; transparent_background=&#8221;on&#8221; global_colors_info=&#8221;{}&#8221;][et_pb_fullwidth_header title=&#8221;Kontakt&#8221; background_overlay_color=&#8221;rgba(31,31,31,0.85)&#8221; subhead_font_color=&#8221;#bebebe&#8221; title_tablet=&#8221;Kontakt&#8221; title_phone=&#8221;Kontakt&#8221; title_last_edited=&#8221;on|desktop&#8221; content_tablet=&#8221;<\/p>\n<p style=\"%22text-align:\" center;%22>Secure your moments of perfect relaxation in the Thai way today.<\/p>\n<p>&#8221; content_phone=&#8221;<\/p>\n<p style=\"%22text-align:\" center;%22>Secure your moments of perfect relaxation in the Thai way today.<\/p>\n<p>&#8221; content_last_edited=&#8221;on|phone&#8221; _builder_version=&#8221;4.19.1&#8243; title_font=&#8221;Montserrat||||||||&#8221; title_text_align=&#8221;center&#8221; title_text_color=&#8221;#ffffff&#8221; title_font_size=&#8221;72px&#8221; title_line_height=&#8221;1.3em&#8221; content_font=&#8221;Montserrat||||&#8221; content_text_align=&#8221;center&#8221; content_text_color=&#8221;#bfbfbf&#8221; content_font_size=&#8221;19px&#8221; content_line_height=&#8221;1.8em&#8221; subhead_font=&#8221;Montserrat||||&#8221; subhead_text_align=&#8221;center&#8221; subhead_text_color=&#8221;#bebebe&#8221; subhead_line_height=&#8221;1.8em&#8221; background_color=&#8221;rgba(255, 255, 255, 0)&#8221; background_image=&#8221;https:\/\/thai-massage.hr\/wp-content\/uploads\/2022\/11\/dreamstime_m_138545240-1.jpg&#8221; parallax=&#8221;on&#8221; parallax_method=&#8221;on&#8221; module_alignment=&#8221;center&#8221; custom_padding=&#8221;5%||5%|&#8221; animation_style=&#8221;zoom&#8221; animation_duration=&#8221;1500ms&#8221; animation_intensity_zoom=&#8221;4%&#8221; title_line_height_last_edited=&#8221;off|desktop&#8221; global_colors_info=&#8221;{}&#8221; button_one_text_size__hover_enabled=&#8221;off&#8221; button_two_text_size__hover_enabled=&#8221;off&#8221; button_one_text_color__hover_enabled=&#8221;off&#8221; button_two_text_color__hover_enabled=&#8221;off&#8221; button_one_border_width__hover_enabled=&#8221;off&#8221; button_two_border_width__hover_enabled=&#8221;off&#8221; button_one_border_color__hover_enabled=&#8221;off&#8221; button_two_border_color__hover_enabled=&#8221;off&#8221; button_one_border_radius__hover_enabled=&#8221;off&#8221; button_two_border_radius__hover_enabled=&#8221;off&#8221; button_one_letter_spacing__hover_enabled=&#8221;off&#8221; button_two_letter_spacing__hover_enabled=&#8221;off&#8221; button_one_bg_color__hover_enabled=&#8221;off&#8221; button_two_bg_color__hover_enabled=&#8221;off&#8221;]<\/p>\n<p style=\"text-align: center;\">Secure your moments of perfect relaxation in the Thai way today.<\/p>\n<p>[\/et_pb_fullwidth_header][\/et_pb_section][et_pb_section fb_built=&#8221;1&#8243; admin_label=&#8221;Contact&#8221; _builder_version=&#8221;4.19.1&#8243; background_color=&#8221;#000000&#8243; background_size=&#8221;initial&#8221; background_position=&#8221;top_left&#8221; custom_padding=&#8221;44px|0px|65px|0px||&#8221; collapsed=&#8221;off&#8221; global_colors_info=&#8221;{}&#8221;][et_pb_row column_structure=&#8221;1_2,1_2&#8243; _builder_version=&#8221;4.19.1&#8243; background_size=&#8221;initial&#8221; background_position=&#8221;top_left&#8221; background_repeat=&#8221;repeat&#8221; custom_margin=&#8221;|||&#8221; custom_padding=&#8221;|||&#8221; global_colors_info=&#8221;{}&#8221;][et_pb_column type=&#8221;1_2&#8243; _builder_version=&#8221;4.16&#8243; background_position=&#8221;top_left&#8221; custom_padding=&#8221;|||&#8221; global_colors_info=&#8221;{}&#8221; custom_padding__hover=&#8221;|||&#8221;][et_pb_divider show_divider=&#8221;off&#8221; _builder_version=&#8221;4.16&#8243; max_width=&#8221;60px&#8221; module_alignment=&#8221;left&#8221; custom_margin=&#8221;||10px|&#8221; saved_tabs=&#8221;all&#8221; locked=&#8221;off&#8221; global_colors_info=&#8221;{}&#8221;][\/et_pb_divider][et_pb_text disabled_on=&#8221;on|on|off&#8221; _builder_version=&#8221;4.19.1&#8243; text_font=&#8221;||||||||&#8221; header_font=&#8221;Montserrat||||||||&#8221; header_text_color=&#8221;#bfbfbf&#8221; header_2_font=&#8221;Montserrat||||||||&#8221; header_2_font_size=&#8221;48px&#8221; header_2_line_height=&#8221;1.3em&#8221; background_size=&#8221;initial&#8221; background_position=&#8221;top_left&#8221; background_repeat=&#8221;repeat&#8221; global_colors_info=&#8221;{}&#8221; header_font_size__hover=&#8221;30px&#8221; header_font_size__hover_enabled=&#8221;30px&#8221; header_letter_spacing__hover=&#8221;0px&#8221; header_letter_spacing__hover_enabled=&#8221;0px&#8221; header_text_shadow_style__hover=&#8221;none&#8221; header_text_shadow_style__hover_enabled=&#8221;none&#8221; header_text_shadow_color__hover=&#8221;rgba(0,0,0,0.4)&#8221; header_text_shadow_color__hover_enabled=&#8221;rgba(0,0,0,0.4)&#8221;]<\/p>\n<h2 style=\"text-align: right;\"><span style=\"color: #bfbfbf;\">Info<\/span><\/h2>\n<p>[\/et_pb_text][et_pb_text disabled_on=&#8221;off|off|on&#8221; _builder_version=&#8221;4.19.1&#8243; text_font=&#8221;||||||||&#8221; header_font=&#8221;Montserrat||||||||&#8221; header_text_color=&#8221;#bfbfbf&#8221; header_2_font=&#8221;Montserrat||||||||&#8221; header_2_font_size=&#8221;48px&#8221; header_2_line_height=&#8221;1.3em&#8221; background_size=&#8221;initial&#8221; background_position=&#8221;top_left&#8221; background_repeat=&#8221;repeat&#8221; global_colors_info=&#8221;{}&#8221; header_font_size__hover=&#8221;30px&#8221; header_font_size__hover_enabled=&#8221;30px&#8221; header_letter_spacing__hover=&#8221;0px&#8221; header_letter_spacing__hover_enabled=&#8221;0px&#8221; header_text_shadow_style__hover=&#8221;none&#8221; header_text_shadow_style__hover_enabled=&#8221;none&#8221; header_text_shadow_color__hover=&#8221;rgba(0,0,0,0.4)&#8221; header_text_shadow_color__hover_enabled=&#8221;rgba(0,0,0,0.4)&#8221;]<\/p>\n<h2 style=\"text-align: center;\"><span style=\"color: #bfbfbf;\">Info<\/span><\/h2>\n<p>[\/et_pb_text][et_pb_text disabled_on=&#8221;off|off|off&#8221; _builder_version=&#8221;4.19.1&#8243; text_font=&#8221;||||||||&#8221; header_font=&#8221;||||||||&#8221; header_2_font=&#8221;Playfair Display||||&#8221; header_2_font_size=&#8221;48px&#8221; header_2_line_height=&#8221;1.3em&#8221; background_size=&#8221;initial&#8221; background_position=&#8221;top_left&#8221; background_repeat=&#8221;repeat&#8221; hover_enabled=&#8221;0&#8243; global_colors_info=&#8221;{}&#8221; header_font_size__hover=&#8221;30px&#8221; header_font_size__hover_enabled=&#8221;30px&#8221; header_letter_spacing__hover=&#8221;0px&#8221; header_letter_spacing__hover_enabled=&#8221;0px&#8221; header_text_shadow_style__hover=&#8221;none&#8221; header_text_shadow_style__hover_enabled=&#8221;none&#8221; header_text_shadow_color__hover=&#8221;rgba(0,0,0,0.4)&#8221; header_text_shadow_color__hover_enabled=&#8221;rgba(0,0,0,0.4)&#8221; sticky_enabled=&#8221;0&#8243;]<\/p>\n<p style=\"text-align: center;\"><span style=\"text-decoration: underline;\"><strong><span style=\"color: #ffffff; text-decoration: underline;\">Contact<\/span><\/strong><\/span><\/p>\n<p style=\"text-align: center;\"><span style=\"color: #bfbfbf;\">+385 092\/1687-368<\/span><br \/><span style=\"color: #bfbfbf;\">+385 091\/9001-052<\/span><br \/><span style=\"color: #bfbfbfbf;\"><span style=\"color: #ffffff;\"><span style=\"text-decoration: underline;\"><a href=\"mailto:original.thai.massage.house@gmail.com\" style=\"color: #ffffff; text-decoration: underline;\">original.thai.massage.house@gmail.com<\/a><\/span><a href=\"mailto:original.thai.massage.house@gmail.com\"><\/a><\/span><\/span><\/p>\n<p style=\"text-align: center;\"><span style=\"text-decoration: underline;\"><strong><span style=\"color: #bfbfbfbf;\"><span style=\"color: #ffffff; text-decoration: underline;\"><\/span><\/span><\/strong><\/span><\/p>\n<p style=\"text-align: center;\"><span style=\"text-decoration: underline;\"><strong><span style=\"color: #bfbfbfbf;\"><span style=\"color: #ffffff; text-decoration: underline;\">Address<\/span><\/span><\/strong><\/span><span style=\"color: #bfbfbfbf;\"><\/span><\/p>\n<p style=\"text-align: center;\"><span style=\"color: #bfbfbfbf;\"><span style=\"color: #bfbfbf;\">Preradovi\u0107eva 32, Zagreb<br \/><\/span><\/span><\/p>\n<p style=\"text-align: center;\"><span style=\"color: #bfbfbfbf;\"><span style=\"color: #bfbfbf;\">Preradovi\u0107eva 16, Zagreb<\/span><\/span><\/p>\n<p style=\"text-align: center;\"><span style=\"color: #bfbfbfbf;\"><span style=\"color: #ffffff;\"><\/span><\/span><\/p>\n<p style=\"text-align: center;\"><span style=\"text-decoration: underline;\"><strong><span style=\"color: #bfbfbfbf;\"><span style=\"color: #ffffff; text-decoration: underline;\">Working offices<\/span><\/span><\/strong><\/span><span style=\"color: #bfbfbfbf;\"><\/span><\/p>\n<p style=\"text-align: center;\"><span style=\"color: #bfbfbfbf;\"><span style=\"color: #bfbfbf;\">Mon \u2013 Fri: 11-21h i Sat \u2013 Sun: 11-20h.<\/span><\/span><\/p>\n<p>[\/et_pb_text][et_pb_text disabled_on=&#8221;off|off|on&#8221; _builder_version=&#8221;4.19.1&#8243; text_font=&#8221;||||||||&#8221; header_font=&#8221;||||||||&#8221; header_2_font=&#8221;Playfair Display||||&#8221; header_2_font_size=&#8221;48px&#8221; header_2_line_height=&#8221;1.3em&#8221; background_size=&#8221;initial&#8221; background_position=&#8221;top_left&#8221; background_repeat=&#8221;repeat&#8221; global_colors_info=&#8221;{}&#8221; header_font_size__hover=&#8221;30px&#8221; header_font_size__hover_enabled=&#8221;30px&#8221; header_letter_spacing__hover=&#8221;0px&#8221; header_letter_spacing__hover_enabled=&#8221;0px&#8221; header_text_shadow_style__hover=&#8221;none&#8221; header_text_shadow_style__hover_enabled=&#8221;none&#8221; header_text_shadow_color__hover=&#8221;rgba(0,0,0,0.4)&#8221; header_text_shadow_color__hover_enabled=&#8221;rgba(0,0,0,0.4)&#8221;]<\/p>\n<p style=\"text-align: center;\"><span style=\"text-decoration: underline;\"><strong><span style=\"color: #ffffff; text-decoration: underline;\">Contact<\/span><\/strong><\/span><\/p>\n<p style=\"text-align: center;\"><span style=\"color: #bfbfbf;\">+385 092\/1687-368<\/span><br \/><span style=\"color: #bfbfbf;\">+385 091\/9001-052<\/span><br \/><span style=\"color: #bfbfbfbf;\"><span style=\"color: #ffffff;\"><span style=\"text-decoration: underline;\"><a href=\"mailto:original.thai.massage.house@gmail.com\" style=\"color: #ffffff; text-decoration: underline;\">original.thai.massage.house@gmail.com<\/a><\/span><a href=\"mailto:original.thai.massage.house@gmail.com\"><\/a><\/span><\/span><\/p>\n<p style=\"text-align: center;\"><span style=\"text-decoration: underline;\"><strong><span style=\"color: #bfbfbfbf;\"><span style=\"color: #ffffff; text-decoration: underline;\"><\/span><\/span><\/strong><\/span><\/p>\n<p style=\"text-align: center;\"><span style=\"text-decoration: underline;\"><strong><span style=\"color: #bfbfbfbf;\"><span style=\"color: #ffffff; text-decoration: underline;\">Address<\/span><\/span><\/strong><\/span><span style=\"color: #bfbfbfbf;\"><\/span><\/p>\n<p style=\"text-align: center;\"><span style=\"color: #bfbfbfbf;\"><span style=\"color: #bfbfbf;\">Petra Preradovi\u0107a 32, Zagreb<\/span><\/span><\/p>\n<p style=\"text-align: center;\"><span style=\"color: #bfbfbfbf;\"><span style=\"color: #ffffff;\"><\/span><\/span><\/p>\n<p style=\"text-align: center;\"><span style=\"text-decoration: underline;\"><strong><span style=\"color: #bfbfbfbf;\"><span style=\"color: #ffffff; text-decoration: underline;\">Working offices<\/span><\/span><\/strong><\/span><span style=\"color: #bfbfbfbf;\"><\/span><\/p>\n<p style=\"text-align: center;\"><span style=\"color: #bfbfbfbf;\"><span style=\"color: #bfbfbf;\">Mon \u2013 Fri: 11-21h i Sat \u2013 Sun: 11-20h.<\/span><\/span><\/p>\n<p>[\/et_pb_text][\/et_pb_column][et_pb_column type=&#8221;1_2&#8243; _builder_version=&#8221;4.19.1&#8243; background_color=&#8221;#303030&#8243; background_position=&#8221;top_left&#8221; custom_padding=&#8221;40px|40px|40px|40px&#8221; global_colors_info=&#8221;{}&#8221; custom_padding__hover=&#8221;|||&#8221;][et_pb_image src=&#8221;https:\/\/thai-massage.hr\/wp-content\/uploads\/2022\/11\/DSC_2226-Small-rotated.jpg&#8221; title_text=&#8221;DSC_2226 (Small)&#8221; align_tablet=&#8221;center&#8221; align_phone=&#8221;center&#8221; align_last_edited=&#8221;on|desktop&#8221; _builder_version=&#8221;4.19.1&#8243; custom_margin=&#8221;|||&#8221; animation_style=&#8221;zoom&#8221; animation_intensity_zoom=&#8221;10%&#8221; global_colors_info=&#8221;{}&#8221;][\/et_pb_image][\/et_pb_column][\/et_pb_row][\/et_pb_section]<\/p>","protected":false},"excerpt":{"rendered":"<p>Osigurajte ve\u0107 danas svoje trenutke savr\u0161enog opu\u0161tanja na tajlandski na\u010din.InfoInfoKontakt: +385 092\/1687-368+385 091\/9001-052original.thai.massage.house@gmail.com Adresa: Preradovi\u0107eva 32, Zagreb Preradovi\u0107eva 16, Zagreb Radno vrijeme: Pon \u2013 Pet: 11-21h i Sub \u2013 Ned: 11-20h.Kontakt: +385 092\/1687-368+385 091\/9001-052original.thai.massage.house@gmail.com Adresa: Petra Preradovi\u0107a 32, Zagreb Radno vrijeme: Pon \u2013 Pet: 11-21h i Sub \u2013 Ned: 11-20h.<\/p>","protected":false},"author":1,"featured_media":0,"parent":0,"menu_order":0,"comment_status":"closed","ping_status":"closed","template":"","meta":{"_et_pb_use_builder":"on","_et_pb_old_content":"","_et_gb_content_width":"","footnotes":""},"class_list":["post-30","page","type-page","status-publish","hentry"],"_links":{"self":[{"href":"https:\/\/thai-massage.hr\/en\/wp-json\/wp\/v2\/pages\/30","targetHints":{"allow":["GET"]}}],"collection":[{"href":"https:\/\/thai-massage.hr\/en\/wp-json\/wp\/v2\/pages"}],"about":[{"href":"https:\/\/thai-massage.hr\/en\/wp-json\/wp\/v2\/types\/page"}],"author":[{"embeddable":true,"href":"https:\/\/thai-massage.hr\/en\/wp-json\/wp\/v2\/users\/1"}],"replies":[{"embeddable":true,"href":"https:\/\/thai-massage.hr\/en\/wp-json\/wp\/v2\/comments?post=30"}],"version-history":[{"count":15,"href":"https:\/\/thai-massage.hr\/en\/wp-json\/wp\/v2\/pages\/30\/revisions"}],"predecessor-version":[{"id":300,"href":"https:\/\/thai-massage.hr\/en\/wp-json\/wp\/v2\/pages\/30\/revisions\/300"}],"wp:attachment":[{"href":"https:\/\/thai-massage.hr\/en\/wp-json\/wp\/v2\/media?parent=30"}],"curies":[{"name":"wp","href":"https:\/\/api.w.org\/{rel}","templated":true}]}}